{"id":2060,"date":"2025-02-26T14:54:09","date_gmt":"2025-02-26T13:54:09","guid":{"rendered":"https:\/\/energie-helden.net\/?page_id=2060"},"modified":"2025-03-04T17:43:18","modified_gmt":"2025-03-04T16:43:18","slug":"anfrage-frequenzheizung","status":"publish","type":"page","link":"https:\/\/energie-helden.net\/en\/anfrage-frequenzheizung\/","title":{"rendered":"Request frequency heating"},"content":{"rendered":"\t\t<div data-elementor-type=\"wp-page\" data-elementor-id=\"2060\" class=\"elementor elementor-2060\">\n\t\t\t\t\t\t<section class=\"elementor-section elementor-top-section elementor-element elementor-element-5fd71ddd elementor-section-boxed elementor-section-height-default elementor-section-height-default\" data-id=\"5fd71ddd\" data-element_type=\"section\" data-e-type=\"section\" data-settings=\"{&quot;background_background&quot;:&quot;classic&quot;}\">\n\t\t\t\t\t\t\t<div class=\"elementor-background-overlay\"><\/div>\n\t\t\t\t\t\t\t<div class=\"elementor-container elementor-column-gap-default\">\n\t\t\t\t\t<div class=\"elementor-column elementor-col-50 elementor-top-column elementor-element elementor-element-5c9fe9b3\" data-id=\"5c9fe9b3\" data-element_type=\"column\" data-e-type=\"column\">\n\t\t\t<div class=\"elementor-widget-wrap elementor-element-populated\">\n\t\t\t\t\t\t<div class=\"elementor-element elementor-element-2f5408a3 elementor-invisible elementor-widget elementor-widget-heading\" data-id=\"2f5408a3\" data-element_type=\"widget\" data-e-type=\"widget\" data-settings=\"{&quot;_animation&quot;:&quot;fadeInRight&quot;}\" data-widget_type=\"heading.default\">\n\t\t\t\t<div class=\"elementor-widget-container\">\n\t\t\t\t\t<h1 class=\"elementor-heading-title elementor-size-xl\">Anfrage Frequenzheizung<\/h1>\t\t\t\t<\/div>\n\t\t\t\t<\/div>\n\t\t\t\t<div class=\"elementor-element elementor-element-376e700e elementor-invisible elementor-widget elementor-widget-text-editor\" data-id=\"376e700e\" data-element_type=\"widget\" data-e-type=\"widget\" data-settings=\"{&quot;_animation&quot;:&quot;fadeInRight&quot;,&quot;_animation_delay&quot;:200}\" data-widget_type=\"text-editor.default\">\n\t\t\t\t<div class=\"elementor-widget-container\">\n\t\t\t\t\t\t\t\t\t<p>Beantworten Sie die folgenden Fragen und wir erstellen ein individuelles Konzept f\u00fcr Ihre W\u00e4rmeerzeugung mit einer innovativen Frequenzheizung<\/p>\t\t\t\t\t\t\t\t<\/div>\n\t\t\t\t<\/div>\n\t\t\t\t\t<\/div>\n\t\t<\/div>\n\t\t\t\t<div class=\"elementor-column elementor-col-50 elementor-top-column elementor-element elementor-element-3390e82e elementor-hidden-mobile\" data-id=\"3390e82e\" data-element_type=\"column\" data-e-type=\"column\">\n\t\t\t<div class=\"elementor-widget-wrap\">\n\t\t\t\t\t\t\t<\/div>\n\t\t<\/div>\n\t\t\t\t\t<\/div>\n\t\t<\/section>\n\t\t\t\t<section class=\"elementor-section elementor-top-section elementor-element elementor-element-669cf296 elementor-section-boxed elementor-section-height-default elementor-section-height-default\" data-id=\"669cf296\" data-element_type=\"section\" data-e-type=\"section\" id=\"info\" data-settings=\"{&quot;background_background&quot;:&quot;classic&quot;}\">\n\t\t\t\t\t\t<div class=\"elementor-container elementor-column-gap-default\">\n\t\t\t\t\t<div class=\"elementor-column elementor-col-100 elementor-top-column elementor-element elementor-element-759997d7\" data-id=\"759997d7\" data-element_type=\"column\" data-e-type=\"column\">\n\t\t\t<div class=\"elementor-widget-wrap elementor-element-populated\">\n\t\t\t\t\t\t<div class=\"elementor-element elementor-element-5ee45907 elementor-widget__width-auto elementor-invisible elementor-widget elementor-widget-image\" data-id=\"5ee45907\" data-element_type=\"widget\" data-e-type=\"widget\" data-settings=\"{&quot;_animation&quot;:&quot;fadeInDown&quot;}\" data-widget_type=\"image.default\">\n\t\t\t\t<div class=\"elementor-widget-container\">\n\t\t\t\t\t\t\t\t\t\t\t\t\t\t\t<img decoding=\"async\" width=\"116\" height=\"107\" src=\"https:\/\/energie-helden.net\/wp-content\/uploads\/sites\/2\/2023\/04\/home-section1-p1-1.png\" class=\"attachment-full size-full wp-image-443\" alt=\"\" srcset=\"https:\/\/energie-helden.net\/wp-content\/uploads\/sites\/2\/2023\/04\/home-section1-p1-1.png 116w, https:\/\/energie-helden.net\/wp-content\/uploads\/sites\/2\/2023\/04\/home-section1-p1-1-768x708.png 768w\" sizes=\"(max-width: 116px) 100vw, 116px\" \/>\t\t\t\t\t\t\t\t\t\t\t\t\t\t\t<\/div>\n\t\t\t\t<\/div>\n\t\t\t\t<div class=\"elementor-element elementor-element-70e9907f elementor-invisible elementor-widget elementor-widget-heading\" data-id=\"70e9907f\" data-element_type=\"widget\" data-e-type=\"widget\" data-settings=\"{&quot;_animation&quot;:&quot;fadeInLeft&quot;}\" data-widget_type=\"heading.default\">\n\t\t\t\t<div class=\"elementor-widget-container\">\n\t\t\t\t\t<h5 class=\"elementor-heading-title elementor-size-default\">Anfrage f\u00fcr eine innovative Frequenzheizung<\/h5>\t\t\t\t<\/div>\n\t\t\t\t<\/div>\n\t\t\t\t<div class=\"elementor-element elementor-element-4dcce245 elementor-widget__width-auto elementor-invisible elementor-widget elementor-widget-heading\" data-id=\"4dcce245\" data-element_type=\"widget\" data-e-type=\"widget\" data-settings=\"{&quot;_animation&quot;:&quot;fadeInRight&quot;}\" data-widget_type=\"heading.default\">\n\t\t\t\t<div class=\"elementor-widget-container\">\n\t\t\t\t\t<p class=\"elementor-heading-title elementor-size-medium\"><br><b>Das erwartet Sie nach dem Ausf\u00fcllen des Formulars:<br><\/b>\n1. Kostenvoranschlag und eine unabh\u00e4ngige wirtschaftlichkeitsberechnung der Anlage<br>\n2. Schl\u00fcsselfertiges Festpreisangebot<br>\n3. Schnelle und zuverl\u00e4ssige Umsetzung aus einer Hand<\/p>\t\t\t\t<\/div>\n\t\t\t\t<\/div>\n\t\t\t\t<div class=\"elementor-element elementor-element-7d52e7c2 elementor-widget__width-initial elementor-absolute elementor-hidden-tablet elementor-hidden-mobile elementor-invisible elementor-widget elementor-widget-image\" data-id=\"7d52e7c2\" data-element_type=\"widget\" data-e-type=\"widget\" data-settings=\"{&quot;_position&quot;:&quot;absolute&quot;,&quot;_animation&quot;:&quot;fadeInRight&quot;}\" data-widget_type=\"image.default\">\n\t\t\t\t<div class=\"elementor-widget-container\">\n\t\t\t\t\t\t\t\t\t\t\t\t\t\t\t<img decoding=\"async\" width=\"75\" height=\"61\" src=\"https:\/\/energie-helden.net\/wp-content\/uploads\/sites\/2\/2023\/04\/home-section1-design_element-3.png\" class=\"attachment-full size-full wp-image-447\" alt=\"\" srcset=\"https:\/\/energie-helden.net\/wp-content\/uploads\/sites\/2\/2023\/04\/home-section1-design_element-3.png 75w, https:\/\/energie-helden.net\/wp-content\/uploads\/sites\/2\/2023\/04\/home-section1-design_element-3-768x624.png 768w\" sizes=\"(max-width: 75px) 100vw, 75px\" \/>\t\t\t\t\t\t\t\t\t\t\t\t\t\t\t<\/div>\n\t\t\t\t<\/div>\n\t\t\t\t\t<\/div>\n\t\t<\/div>\n\t\t\t\t\t<\/div>\n\t\t<\/section>\n\t\t<div class=\"elementor-element elementor-element-b930997 e-flex e-con-boxed e-con e-parent\" data-id=\"b930997\" data-element_type=\"container\" data-e-type=\"container\" id=\"rueckruf\">\n\t\t\t\t\t<div class=\"e-con-inner\">\n\t\t\t\t<div class=\"elementor-element elementor-element-dabe4b5 elementor-widget elementor-widget-html\" data-id=\"dabe4b5\" data-element_type=\"widget\" data-e-type=\"widget\" data-widget_type=\"html.default\">\n\t\t\t\t<div class=\"elementor-widget-container\">\n\t\t\t\t\t<script data-b24-form=\"inline\/41\/9vnsf8\" data-skip-moving=\"true\">\n(function(w,d,u){\nvar s=d.createElement('script');s.async=true;s.src=u+'?'+(Date.now()\/180000|0);\nvar h=d.getElementsByTagName('script')[0];h.parentNode.insertBefore(s,h);\n})(window,document,'https:\/\/cdn.bitrix24.de\/b23680873\/crm\/form\/loader_41.js');\n<\/script>\t\t\t\t<\/div>\n\t\t\t\t<\/div>\n\t\t\t\t\t<\/div>\n\t\t\t\t<\/div>\n\t\t\t\t<\/div>\n\t\t","protected":false},"excerpt":{"rendered":"<p>Frequency heating inquiry Answer the following questions and we will create an individual concept for your heat generation with innovative frequency heating Enquiry for innovative frequency heating What you can expect after completing the form: 1. cost estimate and an independent economic calculation of the system 2. turnkey fixed price offer 3. fast and reliable implementation from a single source<\/p>","protected":false},"author":1,"featured_media":0,"parent":0,"menu_order":0,"comment_status":"closed","ping_status":"closed","template":"","meta":{"inline_featured_image":false,"footnotes":""},"class_list":["post-2060","page","type-page","status-publish","hentry"],"acf":[],"yoast_head":"<!-- This site is optimized with the Yoast SEO plugin v27.0 - https:\/\/yoast.com\/product\/yoast-seo-wordpress\/ -->\n<title>Anfrage Frequenzheizung - ENERGIEHELDEN<\/title>\n<meta name=\"robots\" content=\"index, follow, max-snippet:-1, max-image-preview:large, max-video-preview:-1\" \/>\n<link rel=\"canonical\" href=\"https:\/\/energie-helden.net\/en\/anfrage-frequenzheizung\/\" \/>\n<meta property=\"og:locale\" content=\"en_US\" \/>\n<meta property=\"og:type\" content=\"article\" \/>\n<meta property=\"og:title\" content=\"Anfrage Frequenzheizung - ENERGIEHELDEN\" \/>\n<meta property=\"og:description\" content=\"Anfrage Frequenzheizung Beantworten Sie die folgenden Fragen und wir erstellen ein individuelles Konzept f\u00fcr Ihre W\u00e4rmeerzeugung mit einer innovativen Frequenzheizung Anfrage f\u00fcr eine innovative Frequenzheizung Das erwartet Sie nach dem Ausf\u00fcllen des Formulars: 1. Kostenvoranschlag und eine unabh\u00e4ngige wirtschaftlichkeitsberechnung der Anlage 2. Schl\u00fcsselfertiges Festpreisangebot 3. Schnelle und zuverl\u00e4ssige Umsetzung aus einer Hand\" \/>\n<meta property=\"og:url\" content=\"https:\/\/energie-helden.net\/en\/anfrage-frequenzheizung\/\" \/>\n<meta property=\"og:site_name\" content=\"ENERGIEHELDEN\" \/>\n<meta property=\"article:modified_time\" content=\"2025-03-04T16:43:18+00:00\" \/>\n<meta property=\"og:image\" content=\"https:\/\/energie-helden.net\/wp-content\/uploads\/sites\/2\/2023\/04\/home-section1-p1-1.png\" \/>\n\t<meta property=\"og:image:width\" content=\"116\" \/>\n\t<meta property=\"og:image:height\" content=\"107\" \/>\n\t<meta property=\"og:image:type\" content=\"image\/png\" \/>\n<meta name=\"twitter:card\" content=\"summary_large_image\" \/>\n<meta name=\"twitter:label1\" content=\"Est. reading time\" \/>\n\t<meta name=\"twitter:data1\" content=\"2 minutes\" \/>\n<script type=\"application\/ld+json\" class=\"yoast-schema-graph\">{\"@context\":\"https:\/\/schema.org\",\"@graph\":[{\"@type\":\"WebPage\",\"@id\":\"https:\/\/energie-helden.net\/anfrage-frequenzheizung\/\",\"url\":\"https:\/\/energie-helden.net\/anfrage-frequenzheizung\/\",\"name\":\"Anfrage Frequenzheizung - ENERGIEHELDEN\",\"isPartOf\":{\"@id\":\"https:\/\/energie-helden.net\/#website\"},\"primaryImageOfPage\":{\"@id\":\"https:\/\/energie-helden.net\/anfrage-frequenzheizung\/#primaryimage\"},\"image\":{\"@id\":\"https:\/\/energie-helden.net\/anfrage-frequenzheizung\/#primaryimage\"},\"thumbnailUrl\":\"https:\/\/energie-helden.net\/wp-content\/uploads\/sites\/2\/2023\/04\/home-section1-p1-1.png\",\"datePublished\":\"2025-02-26T13:54:09+00:00\",\"dateModified\":\"2025-03-04T16:43:18+00:00\",\"breadcrumb\":{\"@id\":\"https:\/\/energie-helden.net\/anfrage-frequenzheizung\/#breadcrumb\"},\"inLanguage\":\"en-US\",\"potentialAction\":[{\"@type\":\"ReadAction\",\"target\":[\"https:\/\/energie-helden.net\/anfrage-frequenzheizung\/\"]}]},{\"@type\":\"ImageObject\",\"inLanguage\":\"en-US\",\"@id\":\"https:\/\/energie-helden.net\/anfrage-frequenzheizung\/#primaryimage\",\"url\":\"https:\/\/energie-helden.net\/wp-content\/uploads\/sites\/2\/2023\/04\/home-section1-p1-1.png\",\"contentUrl\":\"https:\/\/energie-helden.net\/wp-content\/uploads\/sites\/2\/2023\/04\/home-section1-p1-1.png\"},{\"@type\":\"BreadcrumbList\",\"@id\":\"https:\/\/energie-helden.net\/anfrage-frequenzheizung\/#breadcrumb\",\"itemListElement\":[{\"@type\":\"ListItem\",\"position\":1,\"name\":\"Startseite\",\"item\":\"https:\/\/energie-helden.net\/\"},{\"@type\":\"ListItem\",\"position\":2,\"name\":\"Anfrage Frequenzheizung\"}]},{\"@type\":\"WebSite\",\"@id\":\"https:\/\/energie-helden.net\/#website\",\"url\":\"https:\/\/energie-helden.net\/\",\"name\":\"ENERGIEHELDEN\",\"description\":\"PV-Anlagen | PVT-Anlagen | Mieterstrom Modell\",\"publisher\":{\"@id\":\"https:\/\/energie-helden.net\/#organization\"},\"potentialAction\":[{\"@type\":\"SearchAction\",\"target\":{\"@type\":\"EntryPoint\",\"urlTemplate\":\"https:\/\/energie-helden.net\/?s={search_term_string}\"},\"query-input\":{\"@type\":\"PropertyValueSpecification\",\"valueRequired\":true,\"valueName\":\"search_term_string\"}}],\"inLanguage\":\"en-US\"},{\"@type\":\"Organization\",\"@id\":\"https:\/\/energie-helden.net\/#organization\",\"name\":\"ENERGIE-HELDEN GbR\",\"url\":\"https:\/\/energie-helden.net\/\",\"logo\":{\"@type\":\"ImageObject\",\"inLanguage\":\"en-US\",\"@id\":\"https:\/\/energie-helden.net\/#\/schema\/logo\/image\/\",\"url\":\"https:\/\/energie-helden.net\/wp-content\/uploads\/sites\/2\/2023\/11\/favicon_energiehelden.png\",\"contentUrl\":\"https:\/\/energie-helden.net\/wp-content\/uploads\/sites\/2\/2023\/11\/favicon_energiehelden.png\",\"width\":600,\"height\":600,\"caption\":\"ENERGIE-HELDEN GbR\"},\"image\":{\"@id\":\"https:\/\/energie-helden.net\/#\/schema\/logo\/image\/\"}}]}<\/script>\n<!-- \/ Yoast SEO plugin. -->","yoast_head_json":{"title":"Anfrage Frequenzheizung - ENERGIEHELDEN","robots":{"index":"index","follow":"follow","max-snippet":"max-snippet:-1","max-image-preview":"max-image-preview:large","max-video-preview":"max-video-preview:-1"},"canonical":"https:\/\/energie-helden.net\/en\/anfrage-frequenzheizung\/","og_locale":"en_US","og_type":"article","og_title":"Anfrage Frequenzheizung - ENERGIEHELDEN","og_description":"Anfrage Frequenzheizung Beantworten Sie die folgenden Fragen und wir erstellen ein individuelles Konzept f\u00fcr Ihre W\u00e4rmeerzeugung mit einer innovativen Frequenzheizung Anfrage f\u00fcr eine innovative Frequenzheizung Das erwartet Sie nach dem Ausf\u00fcllen des Formulars: 1. Kostenvoranschlag und eine unabh\u00e4ngige wirtschaftlichkeitsberechnung der Anlage 2. Schl\u00fcsselfertiges Festpreisangebot 3. Schnelle und zuverl\u00e4ssige Umsetzung aus einer Hand","og_url":"https:\/\/energie-helden.net\/en\/anfrage-frequenzheizung\/","og_site_name":"ENERGIEHELDEN","article_modified_time":"2025-03-04T16:43:18+00:00","og_image":[{"width":116,"height":107,"url":"https:\/\/energie-helden.net\/wp-content\/uploads\/sites\/2\/2023\/04\/home-section1-p1-1.png","type":"image\/png"}],"twitter_card":"summary_large_image","twitter_misc":{"Est. reading time":"2 minutes"},"schema":{"@context":"https:\/\/schema.org","@graph":[{"@type":"WebPage","@id":"https:\/\/energie-helden.net\/anfrage-frequenzheizung\/","url":"https:\/\/energie-helden.net\/anfrage-frequenzheizung\/","name":"Anfrage Frequenzheizung - ENERGIEHELDEN","isPartOf":{"@id":"https:\/\/energie-helden.net\/#website"},"primaryImageOfPage":{"@id":"https:\/\/energie-helden.net\/anfrage-frequenzheizung\/#primaryimage"},"image":{"@id":"https:\/\/energie-helden.net\/anfrage-frequenzheizung\/#primaryimage"},"thumbnailUrl":"https:\/\/energie-helden.net\/wp-content\/uploads\/sites\/2\/2023\/04\/home-section1-p1-1.png","datePublished":"2025-02-26T13:54:09+00:00","dateModified":"2025-03-04T16:43:18+00:00","breadcrumb":{"@id":"https:\/\/energie-helden.net\/anfrage-frequenzheizung\/#breadcrumb"},"inLanguage":"en-US","potentialAction":[{"@type":"ReadAction","target":["https:\/\/energie-helden.net\/anfrage-frequenzheizung\/"]}]},{"@type":"ImageObject","inLanguage":"en-US","@id":"https:\/\/energie-helden.net\/anfrage-frequenzheizung\/#primaryimage","url":"https:\/\/energie-helden.net\/wp-content\/uploads\/sites\/2\/2023\/04\/home-section1-p1-1.png","contentUrl":"https:\/\/energie-helden.net\/wp-content\/uploads\/sites\/2\/2023\/04\/home-section1-p1-1.png"},{"@type":"BreadcrumbList","@id":"https:\/\/energie-helden.net\/anfrage-frequenzheizung\/#breadcrumb","itemListElement":[{"@type":"ListItem","position":1,"name":"Startseite","item":"https:\/\/energie-helden.net\/"},{"@type":"ListItem","position":2,"name":"Anfrage Frequenzheizung"}]},{"@type":"WebSite","@id":"https:\/\/energie-helden.net\/#website","url":"https:\/\/energie-helden.net\/","name":"ENERGY HEROES","description":"PV systems | PVT systems | Tenant electricity model","publisher":{"@id":"https:\/\/energie-helden.net\/#organization"},"potentialAction":[{"@type":"SearchAction","target":{"@type":"EntryPoint","urlTemplate":"https:\/\/energie-helden.net\/?s={search_term_string}"},"query-input":{"@type":"PropertyValueSpecification","valueRequired":true,"valueName":"search_term_string"}}],"inLanguage":"en-US"},{"@type":"Organization","@id":"https:\/\/energie-helden.net\/#organization","name":"ENERGIE-HELDEN GbR","url":"https:\/\/energie-helden.net\/","logo":{"@type":"ImageObject","inLanguage":"en-US","@id":"https:\/\/energie-helden.net\/#\/schema\/logo\/image\/","url":"https:\/\/energie-helden.net\/wp-content\/uploads\/sites\/2\/2023\/11\/favicon_energiehelden.png","contentUrl":"https:\/\/energie-helden.net\/wp-content\/uploads\/sites\/2\/2023\/11\/favicon_energiehelden.png","width":600,"height":600,"caption":"ENERGIE-HELDEN GbR"},"image":{"@id":"https:\/\/energie-helden.net\/#\/schema\/logo\/image\/"}}]}},"_links":{"self":[{"href":"https:\/\/energie-helden.net\/en\/wp-json\/wp\/v2\/pages\/2060","targetHints":{"allow":["GET"]}}],"collection":[{"href":"https:\/\/energie-helden.net\/en\/wp-json\/wp\/v2\/pages"}],"about":[{"href":"https:\/\/energie-helden.net\/en\/wp-json\/wp\/v2\/types\/page"}],"author":[{"embeddable":true,"href":"https:\/\/energie-helden.net\/en\/wp-json\/wp\/v2\/users\/1"}],"replies":[{"embeddable":true,"href":"https:\/\/energie-helden.net\/en\/wp-json\/wp\/v2\/comments?post=2060"}],"version-history":[{"count":20,"href":"https:\/\/energie-helden.net\/en\/wp-json\/wp\/v2\/pages\/2060\/revisions"}],"predecessor-version":[{"id":2080,"href":"https:\/\/energie-helden.net\/en\/wp-json\/wp\/v2\/pages\/2060\/revisions\/2080"}],"wp:attachment":[{"href":"https:\/\/energie-helden.net\/en\/wp-json\/wp\/v2\/media?parent=2060"}],"curies":[{"name":"wp","href":"https:\/\/api.w.org\/{rel}","templated":true}]}}