{"id":1953,"date":"2025-02-05T18:04:52","date_gmt":"2025-02-05T17:04:52","guid":{"rendered":"https:\/\/energie-helden.net\/?page_id=1953"},"modified":"2025-02-05T18:11:03","modified_gmt":"2025-02-05T17:11:03","slug":"agbs","status":"publish","type":"page","link":"https:\/\/energie-helden.net\/en\/agbs\/","title":{"rendered":"AGBs"},"content":{"rendered":"<div data-elementor-type=\"wp-page\" data-elementor-id=\"1953\" class=\"elementor elementor-1953\">\n\t\t\t\t\t\t<section class=\"elementor-section elementor-top-section elementor-element elementor-element-5fd71ddd elementor-section-boxed elementor-section-height-default elementor-section-height-default\" data-id=\"5fd71ddd\" data-element_type=\"section\" data-e-type=\"section\" data-settings=\"{&quot;background_background&quot;:&quot;classic&quot;}\">\n\t\t\t\t\t\t\t<div class=\"elementor-background-overlay\"><\/div>\n\t\t\t\t\t\t\t<div class=\"elementor-container elementor-column-gap-default\">\n\t\t\t\t\t<div class=\"elementor-column elementor-col-100 elementor-top-column elementor-element elementor-element-5c9fe9b3\" data-id=\"5c9fe9b3\" data-element_type=\"column\" data-e-type=\"column\">\n\t\t\t<div class=\"elementor-widget-wrap\">\n\t\t\t\t\t\t\t<\/div>\n\t\t<\/div>\n\t\t\t\t\t<\/div>\n\t\t<\/section>\n\t\t<div class=\"elementor-element elementor-element-8fe199e e-flex e-con-boxed e-con e-parent\" data-id=\"8fe199e\" data-element_type=\"container\" data-e-type=\"container\">\n\t\t\t\t\t<div class=\"e-con-inner\">\n\t\t\t\t<div class=\"elementor-element elementor-element-da9bf10 elementor-widget elementor-widget-heading\" data-id=\"da9bf10\" data-element_type=\"widget\" data-e-type=\"widget\" data-widget_type=\"heading.default\">\n\t\t\t\t<div class=\"elementor-widget-container\">\n\t\t\t\t\t<h2 class=\"elementor-heading-title elementor-size-default\">General Terms and Conditions and Cancellation Policy<\/h2>\t\t\t\t<\/div>\n\t\t\t\t<\/div>\n\t\t\t\t<div class=\"elementor-element elementor-element-2e6942f elementor-widget elementor-widget-text-editor\" data-id=\"2e6942f\" data-element_type=\"widget\" data-e-type=\"widget\" data-widget_type=\"text-editor.default\">\n\t\t\t\t<div class=\"elementor-widget-container\">\n\t\t\t\t\t\t\t\t\t<h2>GENERAL TERMS AND CONDITIONS<\/h2>\n<h3>Retention of title<\/h3>\n<p>The assets purchased by Energie-Helden Cardinale, Mainka &amp; Eberle GbR - hereinafter referred to as Energie-Helden - remain the property of Energie-Helden until full payment has been made by the customer. The assets purchased by the Energy Heroes are deemed to have been contractually provided when they have been delivered by the Supplier to the place of performance.<\/p>\n<h3>Claims arising from liability for material defects<\/h3>\n<p>The service provider Energie-Helden grants liability for material defects for the purchased products photovoltaic system including associated components and frequency heating, which consist of several components in total, in accordance with the following regulations and otherwise in accordance with the statutory provisions in the sense of those regulations that apply to the manufacturers.<\/p>\n<h3>Entitled person<\/h3>\n<p>Only the first owner is entitled to make a claim in the event of a defect in one of the products. Other persons have no claims. If ownership of the product is transferred, the claims for material defects are not transferred to the new owner.<\/p>\n<h3>Start of liability<\/h3>\n<p>Liability begins with the acquisition of ownership by the buyer. In the case of tenant electricity systems, no liability can apply until the moment of commissioning.<\/p>\n<h3>Spatial scope of application<\/h3>\n<p>The geographical scope of the liability for material defects is limited to Germany, Austria and Switzerland because the products are designed for the technical conditions in these countries.<\/p>\n<h3>Scope of liability<\/h3>\n<p>Liability is assumed for the freedom from defects of the purchased products, including functionality, as well as freedom from material or production defects.<\/p>\n<h3>Requirements for liability<\/h3>\n<p>Liability presupposes that a specialist electrical company has installed and connected the products professionally and has confirmed this with the installation protocol signed by it. This protocol must be submitted to Energie-Helden GbR if a material defect is claimed.<\/p>\n<h3>Type of defect rectification<\/h3>\n<p>Should a defect occur during the warranty period, the manufacturer shall provide one of the following services at his discretion within the scope of this warranty for material defects:<\/p>\n<ul>\n<li>free repair of the damaged part\/module or<\/li>\n<li>Free replacement of the damaged part\/module with an item of equal value<\/li>\n<\/ul>\n<h3>Disclaimer<\/h3>\n<p>Liability is excluded for damage to the goods caused by:<\/p>\n<ul>\n<li>improper commissioning;<\/li>\n<li>improper handling;<\/li>\n<li>Failure to observe the installation or operating instructions;<\/li>\n<li>Non-observance of safety precautions;<\/li>\n<li>force majeure (e.g. storms, lightning, overvoltage, fire, flooding, etc.);<\/li>\n<li>Use of force (e.g. beatings);<\/li>\n<li>improper repair attempts on your own initiative;<\/li>\n<li>the warranty product is opened by service personnel who have not been trained by EnergieHelden;<\/li>\n<li>a defect attributable to the connection of the product with other defective components of the warranty claimant.<\/li>\n<\/ul>\n<p>or if no fault is detected when the product is checked by EnergieHelden.<\/p>\n<h3>Examination opportunity for energy heroes<\/h3>\n<p>The prerequisite for claiming liability for material defects is that the seller is enabled to inspect the defect (e.g. by sending in the defective product). If the goods are sent in, care must be taken to ensure that damage to the goods during transportation is avoided by using secure packaging. In the event of justified claims, the buyer will be reimbursed the shipping costs. A copy of the invoice must be enclosed with the consignment, as well as a detailed description of the defect. If the copy of the invoice, the installation protocol or the description of the defect is missing, the seller may reject the liability for material defects without further justification.<\/p>\n<h3>Contact us<\/h3>\n<p>In the event of material defects for which liability is not excluded, claims must be asserted against:<\/p>\n<address>Energy heroes Cardinale, Mainka &amp; Eberle GbR<br>Holzmarktstrasse 10<br>10179 Berlin<br><a href=\"mailto:go@energie-helden.net\">go@energie-helden.net<\/a><\/address>\n<h2><br><\/h2><h2>REVOCATION POLICY<\/h2>\n<p>You have the right to withdraw from the contract within 14 days from the date of conclusion of the contract or, in the case of a delivery of goods, from the date on which you or a third party named by you, who is not the carrier, have taken possession of the goods (or the last goods, partial shipment or piece in the case of a contract for several goods of a uniform order or the delivery of goods in several partial shipments or pieces), without giving reasons.<\/p>\n<p>To exercise your right of withdrawal, you must inform us of your decision to withdraw from this contract. Please address your revocation to:<\/p>\n<address>Energy heroes Cardinale, Mainka &amp; Eberle GbR<br>Holzmarktstrasse 10<br>10179 Berlin<br><a href=\"mailto:go@energie-helden.net\">go@energie-helden.net<\/a><\/address>\n<p>You can use a sample form for this purpose, but this is not mandatory. To meet the withdrawal deadline, it is sufficient for you to send your notification of exercising your right of withdrawal before the withdrawal period has expired.<\/p>\n<h3>Consequences of revocation:<\/h3>\n<p>If you cancel this contract, we will refund all payments for the goods and services we have received from you and we will refund the cost of the cheapest standard delivery offered by us. If you have requested that the services should commence during the withdrawal period, you shall pay us a reasonable amount corresponding to the proportion of the services already provided by the time you notify us of the exercise of the right of withdrawal in respect of this contract compared to the total scope of the services provided for in the contract.<\/p>\n<p>This repayment will be made immediately and at the latest, subject to the situations mentioned below, within fourteen days from the day on which we receive notification of your withdrawal from this contract. For this refund, we will use the same means of payment that you used for the original transaction, unless expressly agreed otherwise with you. We will not charge you any fees for the refund. We may refuse to make a refund for a delivery of goods until we have received the goods back or until you have provided proof that you have returned the goods, whichever is the earliest.<\/p>\n<p>You must return the goods immediately and in any case no later than fourteen days from the date on which you inform us of the revocation of this contract. The deadline is met if you send the goods before the period of fourteen days has expired. You shall bear the direct costs of returning the goods. The costs are estimated at a maximum of approximately EUR 25.00.<\/p>\n<p>You must return the goods immediately and in any case no later than fourteen days from the date on which you inform us of the revocation of this contract. The deadline is met if you send the goods before the period of fourteen days has expired. You shall bear the direct costs of returning the goods. The costs are estimated at a maximum of approximately EUR 25.00.&nbsp; &nbsp;<\/p>\n<p>You only have to pay for any loss in value of the goods if this loss in value is due to handling of the goods that is not necessary for checking their condition, properties and functionality.&nbsp;<\/p>\t\t\t\t\t\t\t\t<\/div>\n\t\t\t\t<\/div>\n\t\t\t\t\t<\/div>\n\t\t\t\t<\/div>\n\t\t\t\t<\/div>","protected":false},"excerpt":{"rendered":"<p>AGB und Widerrufsbelehrung ALLGEMEINE GESCH\u00c4FTSBEDINGUNGEN Eigentumsvorbehalt Die von den Energie-Helden Cardinale, Mainka &amp; Eberle GbR \u2013 im Weiteren Energie-Helden \u2013 erworbenen Wirtschaftsg\u00fcter bleiben bis zur vollst\u00e4ndigen Bezahlung durch den Kunden Eigentum der Energie-Helden. Die durch die Energie-Helden erworbene Wirtschaftsg\u00fcter gelten vertraglich als erbracht, wenn diese von dem Lieferanten an den Ort der Erf\u00fcllung geliefert wurden. [&hellip;]<\/p>\n","protected":false},"author":1,"featured_media":0,"parent":0,"menu_order":0,"comment_status":"closed","ping_status":"closed","template":"","meta":{"inline_featured_image":false,"footnotes":""},"class_list":["post-1953","page","type-page","status-publish","hentry"],"acf":[],"yoast_head":"<!-- This site is optimized with the Yoast SEO plugin v27.0 - https:\/\/yoast.com\/product\/yoast-seo-wordpress\/ -->\n<title>AGBs - ENERGIEHELDEN<\/title>\n<meta name=\"robots\" content=\"index, follow, max-snippet:-1, max-image-preview:large, max-video-preview:-1\" \/>\n<link rel=\"canonical\" href=\"https:\/\/energie-helden.net\/en\/agbs\/\" \/>\n<meta property=\"og:locale\" content=\"en_US\" \/>\n<meta property=\"og:type\" content=\"article\" \/>\n<meta property=\"og:title\" content=\"AGBs - ENERGIEHELDEN\" \/>\n<meta property=\"og:description\" content=\"AGB und Widerrufsbelehrung ALLGEMEINE GESCH\u00c4FTSBEDINGUNGEN Eigentumsvorbehalt Die von den Energie-Helden Cardinale, Mainka &amp; Eberle GbR \u2013 im Weiteren Energie-Helden \u2013 erworbenen Wirtschaftsg\u00fcter bleiben bis zur vollst\u00e4ndigen Bezahlung durch den Kunden Eigentum der Energie-Helden. Die durch die Energie-Helden erworbene Wirtschaftsg\u00fcter gelten vertraglich als erbracht, wenn diese von dem Lieferanten an den Ort der Erf\u00fcllung geliefert wurden. [&hellip;]\" \/>\n<meta property=\"og:url\" content=\"https:\/\/energie-helden.net\/en\/agbs\/\" \/>\n<meta property=\"og:site_name\" content=\"ENERGIEHELDEN\" \/>\n<meta property=\"article:modified_time\" content=\"2025-02-05T17:11:03+00:00\" \/>\n<meta name=\"twitter:card\" content=\"summary_large_image\" \/>\n<meta name=\"twitter:label1\" content=\"Est. reading time\" \/>\n\t<meta name=\"twitter:data1\" content=\"6 minutes\" \/>\n<script type=\"application\/ld+json\" class=\"yoast-schema-graph\">{\"@context\":\"https:\/\/schema.org\",\"@graph\":[{\"@type\":\"WebPage\",\"@id\":\"https:\/\/energie-helden.net\/agbs\/\",\"url\":\"https:\/\/energie-helden.net\/agbs\/\",\"name\":\"AGBs - ENERGIEHELDEN\",\"isPartOf\":{\"@id\":\"https:\/\/energie-helden.net\/#website\"},\"datePublished\":\"2025-02-05T17:04:52+00:00\",\"dateModified\":\"2025-02-05T17:11:03+00:00\",\"breadcrumb\":{\"@id\":\"https:\/\/energie-helden.net\/agbs\/#breadcrumb\"},\"inLanguage\":\"en-US\",\"potentialAction\":[{\"@type\":\"ReadAction\",\"target\":[\"https:\/\/energie-helden.net\/agbs\/\"]}]},{\"@type\":\"BreadcrumbList\",\"@id\":\"https:\/\/energie-helden.net\/agbs\/#breadcrumb\",\"itemListElement\":[{\"@type\":\"ListItem\",\"position\":1,\"name\":\"Startseite\",\"item\":\"https:\/\/energie-helden.net\/\"},{\"@type\":\"ListItem\",\"position\":2,\"name\":\"AGBs\"}]},{\"@type\":\"WebSite\",\"@id\":\"https:\/\/energie-helden.net\/#website\",\"url\":\"https:\/\/energie-helden.net\/\",\"name\":\"ENERGIEHELDEN\",\"description\":\"PV-Anlagen | PVT-Anlagen | Mieterstrom Modell\",\"publisher\":{\"@id\":\"https:\/\/energie-helden.net\/#organization\"},\"potentialAction\":[{\"@type\":\"SearchAction\",\"target\":{\"@type\":\"EntryPoint\",\"urlTemplate\":\"https:\/\/energie-helden.net\/?s={search_term_string}\"},\"query-input\":{\"@type\":\"PropertyValueSpecification\",\"valueRequired\":true,\"valueName\":\"search_term_string\"}}],\"inLanguage\":\"en-US\"},{\"@type\":\"Organization\",\"@id\":\"https:\/\/energie-helden.net\/#organization\",\"name\":\"ENERGIE-HELDEN GbR\",\"url\":\"https:\/\/energie-helden.net\/\",\"logo\":{\"@type\":\"ImageObject\",\"inLanguage\":\"en-US\",\"@id\":\"https:\/\/energie-helden.net\/#\/schema\/logo\/image\/\",\"url\":\"https:\/\/energie-helden.net\/wp-content\/uploads\/sites\/2\/2023\/11\/favicon_energiehelden.png\",\"contentUrl\":\"https:\/\/energie-helden.net\/wp-content\/uploads\/sites\/2\/2023\/11\/favicon_energiehelden.png\",\"width\":600,\"height\":600,\"caption\":\"ENERGIE-HELDEN GbR\"},\"image\":{\"@id\":\"https:\/\/energie-helden.net\/#\/schema\/logo\/image\/\"}}]}<\/script>\n<!-- \/ Yoast SEO plugin. -->","yoast_head_json":{"title":"AGBs - ENERGIEHELDEN","robots":{"index":"index","follow":"follow","max-snippet":"max-snippet:-1","max-image-preview":"max-image-preview:large","max-video-preview":"max-video-preview:-1"},"canonical":"https:\/\/energie-helden.net\/en\/agbs\/","og_locale":"en_US","og_type":"article","og_title":"AGBs - ENERGIEHELDEN","og_description":"AGB und Widerrufsbelehrung ALLGEMEINE GESCH\u00c4FTSBEDINGUNGEN Eigentumsvorbehalt Die von den Energie-Helden Cardinale, Mainka &amp; Eberle GbR \u2013 im Weiteren Energie-Helden \u2013 erworbenen Wirtschaftsg\u00fcter bleiben bis zur vollst\u00e4ndigen Bezahlung durch den Kunden Eigentum der Energie-Helden. Die durch die Energie-Helden erworbene Wirtschaftsg\u00fcter gelten vertraglich als erbracht, wenn diese von dem Lieferanten an den Ort der Erf\u00fcllung geliefert wurden. [&hellip;]","og_url":"https:\/\/energie-helden.net\/en\/agbs\/","og_site_name":"ENERGIEHELDEN","article_modified_time":"2025-02-05T17:11:03+00:00","twitter_card":"summary_large_image","twitter_misc":{"Est. reading time":"6 minutes"},"schema":{"@context":"https:\/\/schema.org","@graph":[{"@type":"WebPage","@id":"https:\/\/energie-helden.net\/agbs\/","url":"https:\/\/energie-helden.net\/agbs\/","name":"AGBs - ENERGIEHELDEN","isPartOf":{"@id":"https:\/\/energie-helden.net\/#website"},"datePublished":"2025-02-05T17:04:52+00:00","dateModified":"2025-02-05T17:11:03+00:00","breadcrumb":{"@id":"https:\/\/energie-helden.net\/agbs\/#breadcrumb"},"inLanguage":"en-US","potentialAction":[{"@type":"ReadAction","target":["https:\/\/energie-helden.net\/agbs\/"]}]},{"@type":"BreadcrumbList","@id":"https:\/\/energie-helden.net\/agbs\/#breadcrumb","itemListElement":[{"@type":"ListItem","position":1,"name":"Startseite","item":"https:\/\/energie-helden.net\/"},{"@type":"ListItem","position":2,"name":"AGBs"}]},{"@type":"WebSite","@id":"https:\/\/energie-helden.net\/#website","url":"https:\/\/energie-helden.net\/","name":"ENERGY HEROES","description":"PV systems | PVT systems | Tenant electricity model","publisher":{"@id":"https:\/\/energie-helden.net\/#organization"},"potentialAction":[{"@type":"SearchAction","target":{"@type":"EntryPoint","urlTemplate":"https:\/\/energie-helden.net\/?s={search_term_string}"},"query-input":{"@type":"PropertyValueSpecification","valueRequired":true,"valueName":"search_term_string"}}],"inLanguage":"en-US"},{"@type":"Organization","@id":"https:\/\/energie-helden.net\/#organization","name":"ENERGIE-HELDEN GbR","url":"https:\/\/energie-helden.net\/","logo":{"@type":"ImageObject","inLanguage":"en-US","@id":"https:\/\/energie-helden.net\/#\/schema\/logo\/image\/","url":"https:\/\/energie-helden.net\/wp-content\/uploads\/sites\/2\/2023\/11\/favicon_energiehelden.png","contentUrl":"https:\/\/energie-helden.net\/wp-content\/uploads\/sites\/2\/2023\/11\/favicon_energiehelden.png","width":600,"height":600,"caption":"ENERGIE-HELDEN GbR"},"image":{"@id":"https:\/\/energie-helden.net\/#\/schema\/logo\/image\/"}}]}},"_links":{"self":[{"href":"https:\/\/energie-helden.net\/en\/wp-json\/wp\/v2\/pages\/1953","targetHints":{"allow":["GET"]}}],"collection":[{"href":"https:\/\/energie-helden.net\/en\/wp-json\/wp\/v2\/pages"}],"about":[{"href":"https:\/\/energie-helden.net\/en\/wp-json\/wp\/v2\/types\/page"}],"author":[{"embeddable":true,"href":"https:\/\/energie-helden.net\/en\/wp-json\/wp\/v2\/users\/1"}],"replies":[{"embeddable":true,"href":"https:\/\/energie-helden.net\/en\/wp-json\/wp\/v2\/comments?post=1953"}],"version-history":[{"count":7,"href":"https:\/\/energie-helden.net\/en\/wp-json\/wp\/v2\/pages\/1953\/revisions"}],"predecessor-version":[{"id":1960,"href":"https:\/\/energie-helden.net\/en\/wp-json\/wp\/v2\/pages\/1953\/revisions\/1960"}],"wp:attachment":[{"href":"https:\/\/energie-helden.net\/en\/wp-json\/wp\/v2\/media?parent=1953"}],"curies":[{"name":"wp","href":"https:\/\/api.w.org\/{rel}","templated":true}]}}