{"id":1953,"date":"2025-02-05T18:04:52","date_gmt":"2025-02-05T17:04:52","guid":{"rendered":"https:\/\/energie-helden.net\/?page_id=1953"},"modified":"2025-02-05T18:11:03","modified_gmt":"2025-02-05T17:11:03","slug":"agbs","status":"publish","type":"page","link":"https:\/\/energie-helden.net\/de\/agbs\/","title":{"rendered":"AGBs"},"content":{"rendered":"\t\t<div data-elementor-type=\"wp-page\" data-elementor-id=\"1953\" class=\"elementor elementor-1953\">\n\t\t\t\t\t\t<section class=\"elementor-section elementor-top-section elementor-element elementor-element-5fd71ddd elementor-section-boxed elementor-section-height-default elementor-section-height-default\" data-id=\"5fd71ddd\" data-element_type=\"section\" data-e-type=\"section\" data-settings=\"{&quot;background_background&quot;:&quot;classic&quot;}\">\n\t\t\t\t\t\t\t<div class=\"elementor-background-overlay\"><\/div>\n\t\t\t\t\t\t\t<div class=\"elementor-container elementor-column-gap-default\">\n\t\t\t\t\t<div class=\"elementor-column elementor-col-100 elementor-top-column elementor-element elementor-element-5c9fe9b3\" data-id=\"5c9fe9b3\" data-element_type=\"column\" data-e-type=\"column\">\n\t\t\t<div class=\"elementor-widget-wrap\">\n\t\t\t\t\t\t\t<\/div>\n\t\t<\/div>\n\t\t\t\t\t<\/div>\n\t\t<\/section>\n\t\t<div class=\"elementor-element elementor-element-8fe199e e-flex e-con-boxed e-con e-parent\" data-id=\"8fe199e\" data-element_type=\"container\" data-e-type=\"container\">\n\t\t\t\t\t<div class=\"e-con-inner\">\n\t\t\t\t<div class=\"elementor-element elementor-element-da9bf10 elementor-widget elementor-widget-heading\" data-id=\"da9bf10\" data-element_type=\"widget\" data-e-type=\"widget\" data-widget_type=\"heading.default\">\n\t\t\t\t<div class=\"elementor-widget-container\">\n\t\t\t\t\t<h2 class=\"elementor-heading-title elementor-size-default\">AGB und Widerrufsbelehrung<\/h2>\t\t\t\t<\/div>\n\t\t\t\t<\/div>\n\t\t\t\t<div class=\"elementor-element elementor-element-2e6942f elementor-widget elementor-widget-text-editor\" data-id=\"2e6942f\" data-element_type=\"widget\" data-e-type=\"widget\" data-widget_type=\"text-editor.default\">\n\t\t\t\t<div class=\"elementor-widget-container\">\n\t\t\t\t\t\t\t\t\t<h2>ALLGEMEINE GESCH\u00c4FTSBEDINGUNGEN<\/h2>\n<h3>Eigentumsvorbehalt<\/h3>\n<p>Die von den Energie-Helden Cardinale, Mainka &amp; Eberle GbR \u2013 im Weiteren Energie-Helden \u2013 erworbenen Wirtschaftsg\u00fcter bleiben bis zur vollst\u00e4ndigen Bezahlung durch den Kunden Eigentum der Energie-Helden. Die durch die Energie-Helden erworbene Wirtschaftsg\u00fcter gelten vertraglich als erbracht, wenn diese von dem Lieferanten an den Ort der Erf\u00fcllung geliefert wurden.<\/p>\n<h3>Anspr\u00fcche aus Sachm\u00e4ngelhaftung<\/h3>\n<p>Der Dienstleister Energie-Helden gew\u00e4hrt auf die erworbenen Produkte Photovoltaikanlage inkl. dazugeh\u00f6riger Bauteile sowie Frequenzheizung, welche insgesamt aus mehreren Komponenten bestehen, eine Haftung f\u00fcr Sachm\u00e4ngel nach den nachfolgenden Regelungen und im \u00dcbrigen nach den gesetzlichen Bestimmungen im Sinne derjenigen Regelungen, die f\u00fcr die Hersteller gelten.<\/p>\n<h3>Anspruchsberechtigter<\/h3>\n<p>Anspruchsberechtigt bei einem Mangel eines der Produkte ist nur der Ersteigent\u00fcmer. Sonstige Personen haben keine Anspr\u00fcche. Bei Weitergabe des Eigentums an dem Produkt gehen die Anspr\u00fcche bei Sachm\u00e4ngeln nicht an den neuen Eigent\u00fcmer \u00fcber.<\/p>\n<h3>Beginn der Haftung<\/h3>\n<p>Die Haftung beginnt mit dem Eigentumserwerb durch den K\u00e4ufer. Bei Mieterstromanlagen kann keinerlei Haftung bis zum Moment der Inbetriebnahme gelten.<\/p>\n<h3>R\u00e4umlicher Anwendungsbereich<\/h3>\n<p>Der r\u00e4umliche Geltungsbereich der Sachm\u00e4ngelhaftung ist auf die L\u00e4nder Deutschland, \u00d6sterreich und Schweiz beschr\u00e4nkt, weil die Produkte auf die technischen Bedingungen in diesen L\u00e4ndern ausgerichtet sind.<\/p>\n<h3>Umfang der Haftung<\/h3>\n<p>Die Haftung wird \u00fcbernommen f\u00fcr die Mangelfreiheit der erworbenen Produkte, einschlie\u00dflich der Funktionsf\u00e4higkeit, sowie die Freiheit von Material- oder Produktionsfehlern.<\/p>\n<h3>Voraussetzungen f\u00fcr die Haftung<\/h3>\n<p>Die Haftung setzt voraus, dass ein Elektrofachbetrieb die Produkte fachgerecht eingebaut und angeschlossen hat und dies mit dem vom ihm unterschriebenen Installationsprotokoll best\u00e4tigt. Dieses Protokoll ist der Energie-Helden GbR vorzulegen, wenn ein Sachmangel geltend gemacht wird.<\/p>\n<h3>Art der M\u00e4ngelbeseitigung<\/h3>\n<p>Sollte w\u00e4hrend der Gew\u00e4hrleistungsfrist ein Mangel auftreten, so gew\u00e4hrt der Hersteller im Rahmen dieser Sachm\u00e4ngelhaftung eine der folgenden Leistungen nach seiner Wahl:<\/p>\n<ul>\n<li>kostenfreie Reparatur des besch\u00e4digten Teils\/Moduls oder<\/li>\n<li>kostenfreier Austausch des besch\u00e4digten Teils\/Moduls gegen einen gleichwertigen Artikel<\/li>\n<\/ul>\n<h3>Haftungsausschluss<\/h3>\n<p>Eine Haftung ist ausgeschlossen bei Sch\u00e4den an der Ware durch:<\/p>\n<ul>\n<li>unsachgem\u00e4\u00dfe Inbetriebnahme;<\/li>\n<li>unsachgem\u00e4\u00dfe Behandlung;<\/li>\n<li>Nichtbeachtung der Installations- oder Betriebsanleitung;<\/li>\n<li>Nichtbeachtung von Sicherheitsvorkehrungen;<\/li>\n<li>h\u00f6here Gewalt (z.B. Unwetter, Blitzschlag, \u00dcberspannung, Feuer, \u00dcberschwemmung, etc.);<\/li>\n<li>Gewaltanwendung (z. B. Schl\u00e4ge);<\/li>\n<li>unsachgem\u00e4\u00dfe Reparaturversuche in Eigenregie;<\/li>\n<li>ein \u00d6ffnen des Garantieprodukts durch nicht von den EnergieHelden geschultes Servicepersonal;<\/li>\n<li>einen Defekt, der auf die Verbindung des Produkts mit anderen fehlerhaften Komponenten des Garantieberechtigten zur\u00fcckzuf\u00fchren ist.<\/li>\n<\/ul>\n<p>oder wenn bei der \u00dcberpr\u00fcfung des Produktes durch die EnergieHelden kein Fehler festgestellt wird.<\/p>\n<h3>Pr\u00fcfungsm\u00f6glichkeit f\u00fcr Energie-Helden<\/h3>\n<p>Voraussetzung f\u00fcr die Inanspruchnahme der Sachm\u00e4ngelhaftung ist, dass dem Verk\u00e4ufer die Pr\u00fcfung des Mangels erm\u00f6glicht wird (z.B. durch Einschicken des fehlerhaften Produktes). Im Fall der Einsendung ist darauf zu achten, dass Besch\u00e4digungen der Ware auf dem Transportweg durch eine sichere Verpackung vermieden werden. Bei berechtigten Anspr\u00fcchen werden dem K\u00e4ufer die Versandkosten erstattet. Eine Rechnungskopie ist der Warensendung beizuf\u00fcgen, ebenso eine detaillierte Beschreibung des Mangels. Bei Fehlen der Kopie der Rechnung, des Installationsprotokolls oder der Beschreibung des Mangels kann der Verk\u00e4ufer die Sachm\u00e4ngelhaftung ohne weitere Begr\u00fcndung ablehnen.<\/p>\n<h3>Kontakt<\/h3>\n<p>Bei Sachm\u00e4ngeln, f\u00fcr die eine Haftung nicht ausgeschlossen ist, sind Anspr\u00fcche geltend zu machen gegen\u00fcber:<\/p>\n<address>Energie-Helden Cardinale, Mainka &amp; Eberle GbR<br>Holzmarktstra\u00dfe 10<br>10179 Berlin<br><a href=\"mailto:go@energie-helden.net\">go@energie-helden.net<\/a><\/address>\n<h2><br><\/h2><h2>WIDERRUFSBELEHRUNG<\/h2>\n<p>Sie haben das Recht, den Vertrag innerhalb von 14 Tagen ab dem Tag des Vertragsschlusses oder bei einer Warenlieferung ab dem Tag, an dem Sie oder ein von Ihnen benannter Dritter, der nicht Bef\u00f6rderer ist, die Ware (oder die letzte Ware, Teilsendung oder St\u00fcck im Falle eines Vertrags \u00fcber mehrere Waren einer einheitlichen Bestellung oder die Lieferung einer Ware in mehreren Teilsendungen oder St\u00fccken) in Besitz genommen haben, ohne Angabe von Gr\u00fcnden zu widerrufen.<\/p>\n<p>Um Ihr Widerrufsrecht auszu\u00fcben, m\u00fcssen Sie uns \u00fcber Ihren Entschluss, diesen Vertrag zu widerrufen, informieren. Bitte richten Sie Ihren Widerruf an:<\/p>\n<address>Energie-Helden Cardinale, Mainka &amp; Eberle GbR<br>Holzmarktstra\u00dfe 10<br>10179 Berlin<br><a href=\"mailto:go@energie-helden.net\">go@energie-helden.net<\/a><\/address>\n<p>Sie k\u00f6nnen daf\u00fcr ein Musterformular verwenden, das jedoch nicht vorgeschrieben ist. Zur Wahrung der Widerrufsfrist reicht es aus, dass Sie die Mitteilung \u00fcber die Aus\u00fcbung des Widerrufsrechts vor Ablauf der Widerrufsfrist absenden.<\/p>\n<h3>Folgen des Widerrufs:<\/h3>\n<p>Wenn Sie diesen Vertrag widerrufen, erstatten wir Ihnen alle Zahlungen f\u00fcr die erworbenen Waren und Dienstleistungen, die wir von Ihnen erhalten haben, und wir erstatten Ihnen die Kosten der g\u00fcnstigsten von uns angebotenen Standardlieferung. Haben Sie verlangt, dass die Dienstleistungen w\u00e4hrend der Widerrufsfrist beginnen sollen, so haben Sie uns einen angemessenen Betrag zu zahlen, der dem Anteil der bis zu dem Zeitpunkt, zu dem Sie uns von der Aus\u00fcbung des Widerrufsrechts hinsichtlich dieses Vertrages unterrichten, bereits erbrachten Dienstleistungen im Vergleich zum Gesamtumfang der im Vertrag vorgesehenen Dienstleistungen entspricht.<\/p>\n<p>Diese R\u00fcckzahlung wird unverz\u00fcglich und sp\u00e4testens, vorbehaltlich der unten genannten Situationen, innerhalb von vierzehn Tagen ab dem Tag erfolgen, an dem die Mitteilung \u00fcber Ihren Widerruf dieses Vertrags bei uns eingegangen ist. F\u00fcr diese R\u00fcckzahlung verwenden wir dasselbe Zahlungsmittel, das Sie bei der urspr\u00fcnglichen Transaktion eingesetzt haben, es sei denn, mit Ihnen wurde ausdr\u00fccklich etwas anderes vereinbart. F\u00fcr die R\u00fcckzahlung berechnen wir Ihnen in keinem Fall Entgelte. Wir k\u00f6nnen die R\u00fcckzahlung bei einer Warenlieferung verweigern, bis wir die Waren wieder zur\u00fcckerhalten haben oder bis Sie den Nachweis erbracht haben, dass Sie die Waren zur\u00fcckgesandt haben, je nachdem, welches der fr\u00fchere Zeitpunkt ist.<\/p>\n<p>Sie m\u00fcssen die Waren unverz\u00fcglich und in jedem Fall sp\u00e4testens binnen vierzehn Tagen ab dem Tag, an dem Sie uns \u00fcber den Widerruf dieses Vertrags unterrichten, zur\u00fccksenden. Die Frist ist gewahrt, wenn Sie die Waren vor Ablauf der Frist von vierzehn Tagen absenden. Sie tragen die unmittelbaren Kosten der R\u00fccksendung der Waren. Die Kosten werden auf h\u00f6chstens etwa EUR 25,00 gesch\u00e4tzt.<\/p>\n<p>Sie m\u00fcssen die Waren unverz\u00fcglich und in jedem Fall sp\u00e4testens binnen vierzehn Tagen ab dem Tag, an dem Sie uns \u00fcber den Widerruf dieses Vertrags unterrichten, zur\u00fccksenden. Die Frist ist gewahrt, wenn Sie die Waren vor Ablauf der Frist von vierzehn Tagen absenden. Sie tragen die unmittelbaren Kosten der R\u00fccksendung der Waren. Die Kosten werden auf h\u00f6chstens etwa EUR 25,00 gesch\u00e4tzt.&nbsp; &nbsp;<\/p>\n<p>Sie m\u00fcssen f\u00fcr einen etwaigen Wertverlust der Waren nur aufkommen, wenn dieser Wertverlust auf einen zur Pr\u00fcfung der Beschaffenheit, Eigenschaften und Funktionsweise der Waren nicht notwendigen Umgang mit ihnen zur\u00fcckzuf\u00fchren ist.&nbsp;<\/p>\t\t\t\t\t\t\t\t<\/div>\n\t\t\t\t<\/div>\n\t\t\t\t\t<\/div>\n\t\t\t\t<\/div>\n\t\t\t\t<\/div>\n\t\t","protected":false},"excerpt":{"rendered":"<p>AGB und Widerrufsbelehrung ALLGEMEINE GESCH\u00c4FTSBEDINGUNGEN Eigentumsvorbehalt Die von den Energie-Helden Cardinale, Mainka &amp; Eberle GbR \u2013 im Weiteren Energie-Helden \u2013 erworbenen Wirtschaftsg\u00fcter bleiben bis zur vollst\u00e4ndigen Bezahlung durch den Kunden Eigentum der Energie-Helden. Die durch die Energie-Helden erworbene Wirtschaftsg\u00fcter gelten vertraglich als erbracht, wenn diese von dem Lieferanten an den Ort der Erf\u00fcllung geliefert wurden. [&hellip;]<\/p>\n","protected":false},"author":1,"featured_media":0,"parent":0,"menu_order":0,"comment_status":"closed","ping_status":"closed","template":"","meta":{"inline_featured_image":false,"footnotes":""},"class_list":["post-1953","page","type-page","status-publish","hentry"],"acf":[],"yoast_head":"<!-- This site is optimized with the Yoast SEO plugin v27.0 - https:\/\/yoast.com\/product\/yoast-seo-wordpress\/ -->\n<title>AGBs - ENERGIEHELDEN<\/title>\n<meta name=\"robots\" content=\"index, follow, max-snippet:-1, max-image-preview:large, max-video-preview:-1\" \/>\n<link rel=\"canonical\" href=\"https:\/\/energie-helden.net\/de\/agbs\/\" \/>\n<meta property=\"og:locale\" content=\"de_DE\" \/>\n<meta property=\"og:type\" content=\"article\" \/>\n<meta property=\"og:title\" content=\"AGBs - ENERGIEHELDEN\" \/>\n<meta property=\"og:description\" content=\"AGB und Widerrufsbelehrung ALLGEMEINE GESCH\u00c4FTSBEDINGUNGEN Eigentumsvorbehalt Die von den Energie-Helden Cardinale, Mainka &amp; Eberle GbR \u2013 im Weiteren Energie-Helden \u2013 erworbenen Wirtschaftsg\u00fcter bleiben bis zur vollst\u00e4ndigen Bezahlung durch den Kunden Eigentum der Energie-Helden. Die durch die Energie-Helden erworbene Wirtschaftsg\u00fcter gelten vertraglich als erbracht, wenn diese von dem Lieferanten an den Ort der Erf\u00fcllung geliefert wurden. [&hellip;]\" \/>\n<meta property=\"og:url\" content=\"https:\/\/energie-helden.net\/de\/agbs\/\" \/>\n<meta property=\"og:site_name\" content=\"ENERGIEHELDEN\" \/>\n<meta property=\"article:modified_time\" content=\"2025-02-05T17:11:03+00:00\" \/>\n<meta name=\"twitter:card\" content=\"summary_large_image\" \/>\n<meta name=\"twitter:label1\" content=\"Gesch\u00e4tzte Lesezeit\" \/>\n\t<meta name=\"twitter:data1\" content=\"6\u00a0Minuten\" \/>\n<script type=\"application\/ld+json\" class=\"yoast-schema-graph\">{\"@context\":\"https:\/\/schema.org\",\"@graph\":[{\"@type\":\"WebPage\",\"@id\":\"https:\/\/energie-helden.net\/agbs\/\",\"url\":\"https:\/\/energie-helden.net\/agbs\/\",\"name\":\"AGBs - ENERGIEHELDEN\",\"isPartOf\":{\"@id\":\"https:\/\/energie-helden.net\/#website\"},\"datePublished\":\"2025-02-05T17:04:52+00:00\",\"dateModified\":\"2025-02-05T17:11:03+00:00\",\"breadcrumb\":{\"@id\":\"https:\/\/energie-helden.net\/agbs\/#breadcrumb\"},\"inLanguage\":\"de\",\"potentialAction\":[{\"@type\":\"ReadAction\",\"target\":[\"https:\/\/energie-helden.net\/agbs\/\"]}]},{\"@type\":\"BreadcrumbList\",\"@id\":\"https:\/\/energie-helden.net\/agbs\/#breadcrumb\",\"itemListElement\":[{\"@type\":\"ListItem\",\"position\":1,\"name\":\"Startseite\",\"item\":\"https:\/\/energie-helden.net\/\"},{\"@type\":\"ListItem\",\"position\":2,\"name\":\"AGBs\"}]},{\"@type\":\"WebSite\",\"@id\":\"https:\/\/energie-helden.net\/#website\",\"url\":\"https:\/\/energie-helden.net\/\",\"name\":\"ENERGIEHELDEN\",\"description\":\"PV-Anlagen | PVT-Anlagen | Mieterstrom Modell\",\"publisher\":{\"@id\":\"https:\/\/energie-helden.net\/#organization\"},\"potentialAction\":[{\"@type\":\"SearchAction\",\"target\":{\"@type\":\"EntryPoint\",\"urlTemplate\":\"https:\/\/energie-helden.net\/?s={search_term_string}\"},\"query-input\":{\"@type\":\"PropertyValueSpecification\",\"valueRequired\":true,\"valueName\":\"search_term_string\"}}],\"inLanguage\":\"de\"},{\"@type\":\"Organization\",\"@id\":\"https:\/\/energie-helden.net\/#organization\",\"name\":\"ENERGIE-HELDEN GbR\",\"url\":\"https:\/\/energie-helden.net\/\",\"logo\":{\"@type\":\"ImageObject\",\"inLanguage\":\"de\",\"@id\":\"https:\/\/energie-helden.net\/#\/schema\/logo\/image\/\",\"url\":\"https:\/\/energie-helden.net\/wp-content\/uploads\/sites\/2\/2023\/11\/favicon_energiehelden.png\",\"contentUrl\":\"https:\/\/energie-helden.net\/wp-content\/uploads\/sites\/2\/2023\/11\/favicon_energiehelden.png\",\"width\":600,\"height\":600,\"caption\":\"ENERGIE-HELDEN GbR\"},\"image\":{\"@id\":\"https:\/\/energie-helden.net\/#\/schema\/logo\/image\/\"}}]}<\/script>\n<!-- \/ Yoast SEO plugin. -->","yoast_head_json":{"title":"AGBs - ENERGIEHELDEN","robots":{"index":"index","follow":"follow","max-snippet":"max-snippet:-1","max-image-preview":"max-image-preview:large","max-video-preview":"max-video-preview:-1"},"canonical":"https:\/\/energie-helden.net\/de\/agbs\/","og_locale":"de_DE","og_type":"article","og_title":"AGBs - ENERGIEHELDEN","og_description":"AGB und Widerrufsbelehrung ALLGEMEINE GESCH\u00c4FTSBEDINGUNGEN Eigentumsvorbehalt Die von den Energie-Helden Cardinale, Mainka &amp; Eberle GbR \u2013 im Weiteren Energie-Helden \u2013 erworbenen Wirtschaftsg\u00fcter bleiben bis zur vollst\u00e4ndigen Bezahlung durch den Kunden Eigentum der Energie-Helden. Die durch die Energie-Helden erworbene Wirtschaftsg\u00fcter gelten vertraglich als erbracht, wenn diese von dem Lieferanten an den Ort der Erf\u00fcllung geliefert wurden. [&hellip;]","og_url":"https:\/\/energie-helden.net\/de\/agbs\/","og_site_name":"ENERGIEHELDEN","article_modified_time":"2025-02-05T17:11:03+00:00","twitter_card":"summary_large_image","twitter_misc":{"Gesch\u00e4tzte Lesezeit":"6\u00a0Minuten"},"schema":{"@context":"https:\/\/schema.org","@graph":[{"@type":"WebPage","@id":"https:\/\/energie-helden.net\/agbs\/","url":"https:\/\/energie-helden.net\/agbs\/","name":"AGBs - ENERGIEHELDEN","isPartOf":{"@id":"https:\/\/energie-helden.net\/#website"},"datePublished":"2025-02-05T17:04:52+00:00","dateModified":"2025-02-05T17:11:03+00:00","breadcrumb":{"@id":"https:\/\/energie-helden.net\/agbs\/#breadcrumb"},"inLanguage":"de","potentialAction":[{"@type":"ReadAction","target":["https:\/\/energie-helden.net\/agbs\/"]}]},{"@type":"BreadcrumbList","@id":"https:\/\/energie-helden.net\/agbs\/#breadcrumb","itemListElement":[{"@type":"ListItem","position":1,"name":"Startseite","item":"https:\/\/energie-helden.net\/"},{"@type":"ListItem","position":2,"name":"AGBs"}]},{"@type":"WebSite","@id":"https:\/\/energie-helden.net\/#website","url":"https:\/\/energie-helden.net\/","name":"ENERGIEHELDEN","description":"PV-Anlagen | PVT-Anlagen | Mieterstrom Modell","publisher":{"@id":"https:\/\/energie-helden.net\/#organization"},"potentialAction":[{"@type":"SearchAction","target":{"@type":"EntryPoint","urlTemplate":"https:\/\/energie-helden.net\/?s={search_term_string}"},"query-input":{"@type":"PropertyValueSpecification","valueRequired":true,"valueName":"search_term_string"}}],"inLanguage":"de"},{"@type":"Organization","@id":"https:\/\/energie-helden.net\/#organization","name":"ENERGIE-HELDEN GbR","url":"https:\/\/energie-helden.net\/","logo":{"@type":"ImageObject","inLanguage":"de","@id":"https:\/\/energie-helden.net\/#\/schema\/logo\/image\/","url":"https:\/\/energie-helden.net\/wp-content\/uploads\/sites\/2\/2023\/11\/favicon_energiehelden.png","contentUrl":"https:\/\/energie-helden.net\/wp-content\/uploads\/sites\/2\/2023\/11\/favicon_energiehelden.png","width":600,"height":600,"caption":"ENERGIE-HELDEN GbR"},"image":{"@id":"https:\/\/energie-helden.net\/#\/schema\/logo\/image\/"}}]}},"_links":{"self":[{"href":"https:\/\/energie-helden.net\/de\/wp-json\/wp\/v2\/pages\/1953","targetHints":{"allow":["GET"]}}],"collection":[{"href":"https:\/\/energie-helden.net\/de\/wp-json\/wp\/v2\/pages"}],"about":[{"href":"https:\/\/energie-helden.net\/de\/wp-json\/wp\/v2\/types\/page"}],"author":[{"embeddable":true,"href":"https:\/\/energie-helden.net\/de\/wp-json\/wp\/v2\/users\/1"}],"replies":[{"embeddable":true,"href":"https:\/\/energie-helden.net\/de\/wp-json\/wp\/v2\/comments?post=1953"}],"version-history":[{"count":7,"href":"https:\/\/energie-helden.net\/de\/wp-json\/wp\/v2\/pages\/1953\/revisions"}],"predecessor-version":[{"id":1960,"href":"https:\/\/energie-helden.net\/de\/wp-json\/wp\/v2\/pages\/1953\/revisions\/1960"}],"wp:attachment":[{"href":"https:\/\/energie-helden.net\/de\/wp-json\/wp\/v2\/media?parent=1953"}],"curies":[{"name":"wp","href":"https:\/\/api.w.org\/{rel}","templated":true}]}}