{"id":1169,"date":"2023-06-18T10:44:33","date_gmt":"2023-06-18T08:44:33","guid":{"rendered":"https:\/\/energie-helden.net\/?page_id=1169"},"modified":"2026-02-18T22:47:31","modified_gmt":"2026-02-18T21:47:31","slug":"impressum","status":"publish","type":"page","link":"https:\/\/energie-helden.net\/de\/impressum\/","title":{"rendered":"Impressum"},"content":{"rendered":"\t\t<div data-elementor-type=\"wp-page\" data-elementor-id=\"1169\" class=\"elementor elementor-1169\">\n\t\t\t\t\t\t<section class=\"elementor-section elementor-top-section elementor-element elementor-element-5fd71ddd elementor-section-boxed elementor-section-height-default elementor-section-height-default\" data-id=\"5fd71ddd\" data-element_type=\"section\" data-e-type=\"section\" data-settings=\"{&quot;background_background&quot;:&quot;classic&quot;}\">\n\t\t\t\t\t\t\t<div class=\"elementor-background-overlay\"><\/div>\n\t\t\t\t\t\t\t<div class=\"elementor-container elementor-column-gap-default\">\n\t\t\t\t\t<div class=\"elementor-column elementor-col-100 elementor-top-column elementor-element elementor-element-5c9fe9b3\" data-id=\"5c9fe9b3\" data-element_type=\"column\" data-e-type=\"column\">\n\t\t\t<div class=\"elementor-widget-wrap\">\n\t\t\t\t\t\t\t<\/div>\n\t\t<\/div>\n\t\t\t\t\t<\/div>\n\t\t<\/section>\n\t\t<div class=\"elementor-element elementor-element-8fe199e e-flex e-con-boxed e-con e-parent\" data-id=\"8fe199e\" data-element_type=\"container\" data-e-type=\"container\">\n\t\t\t\t\t<div class=\"e-con-inner\">\n\t\t\t\t<div class=\"elementor-element elementor-element-da9bf10 elementor-widget elementor-widget-heading\" data-id=\"da9bf10\" data-element_type=\"widget\" data-e-type=\"widget\" data-widget_type=\"heading.default\">\n\t\t\t\t<div class=\"elementor-widget-container\">\n\t\t\t\t\t<h2 class=\"elementor-heading-title elementor-size-default\">Impressum<\/h2>\t\t\t\t<\/div>\n\t\t\t\t<\/div>\n\t\t\t\t<div class=\"elementor-element elementor-element-2e6942f elementor-widget elementor-widget-text-editor\" data-id=\"2e6942f\" data-element_type=\"widget\" data-e-type=\"widget\" data-widget_type=\"text-editor.default\">\n\t\t\t\t<div class=\"elementor-widget-container\">\n\t\t\t\t\t\t\t\t\t<p><span style=\"text-align: var(--text-align); background-color: var( --e-global-color-beb4bac );\"><b>Energie-Helden Cardinale, Mainka &amp; Eberle GbR<\/b><\/span><\/p><p><span style=\"background-color: var( --e-global-color-beb4bac ); color: var( --e-global-color-text ); font-family: var( --e-global-typography-text-font-family ), Sans-serif; font-size: var( --e-global-typography-text-font-size ); font-style: var( --e-global-typography-text-font-style ); font-weight: var( --e-global-typography-text-font-weight ); text-align: var(--text-align); text-transform: var( --e-global-typography-text-text-transform );\">Gesch\u00e4ftsf\u00fchrer:<br \/><\/span><span style=\"background-color: var( --e-global-color-beb4bac ); color: var( --e-global-color-text ); font-family: var( --e-global-typography-text-font-family ), Sans-serif; font-size: var( --e-global-typography-text-font-size ); font-style: var( --e-global-typography-text-font-style ); font-weight: var( --e-global-typography-text-font-weight ); text-align: var(--text-align); text-transform: var( --e-global-typography-text-text-transform );\">Michael Cardinale<br \/><\/span><span style=\"background-color: var( --e-global-color-beb4bac ); color: var( --e-global-color-text ); font-family: var( --e-global-typography-text-font-family ), Sans-serif; font-size: var( --e-global-typography-text-font-size ); font-style: var( --e-global-typography-text-font-style ); font-weight: var( --e-global-typography-text-font-weight ); text-align: var(--text-align); text-transform: var( --e-global-typography-text-text-transform );\">Vadim Eberle<\/span><\/p><p>Holzmarktstra\u00dfe 10<br \/><span style=\"text-align: var(--text-align); background-color: var( --e-global-color-beb4bac ); color: var( --e-global-color-text ); font-family: var( --e-global-typography-text-font-family ), Sans-serif; font-size: var( --e-global-typography-text-font-size ); font-style: var( --e-global-typography-text-font-style ); font-weight: var( --e-global-typography-text-font-weight ); text-transform: var( --e-global-typography-text-text-transform );\">10179 Berlin MItte<\/span><\/p><p><span style=\"text-align: var(--text-align); color: var( --e-global-color-text ); font-family: var( --e-global-typography-text-font-family ), Sans-serif; font-size: var( --e-global-typography-text-font-size ); font-style: var( --e-global-typography-text-font-style ); font-weight: var( --e-global-typography-text-font-weight ); text-transform: var( --e-global-typography-text-text-transform ); background-color: var( --e-global-color-beb4bac );\">+49 174 455 95 65<br \/><\/span><span style=\"text-align: var(--text-align); background-color: var( --e-global-color-beb4bac ); color: var( --e-global-color-text ); font-family: var( --e-global-typography-text-font-family ), Sans-serif; font-size: var( --e-global-typography-text-font-size ); font-style: var( --e-global-typography-text-font-style ); font-weight: var( --e-global-typography-text-font-weight ); text-transform: var( --e-global-typography-text-text-transform );\">go@energie-helden.net<\/span><b style=\"text-align: var(--text-align); color: var( --e-global-color-text ); font-family: var( --e-global-typography-text-font-family ), Sans-serif; font-size: var( --e-global-typography-text-font-size ); font-style: var( --e-global-typography-text-font-style ); text-transform: var( --e-global-typography-text-text-transform ); background-color: var( --e-global-color-beb4bac );\">\u00a0<\/b><\/p><p><b>In Kooperation mit:<br \/><\/b><span style=\"text-align: var(--text-align); background-color: var( --e-global-color-beb4bac ); color: var( --e-global-color-text ); font-family: var( --e-global-typography-text-font-family ), Sans-serif; font-size: var( --e-global-typography-text-font-size ); font-style: var( --e-global-typography-text-font-style ); font-weight: var( --e-global-typography-text-font-weight ); text-transform: var( --e-global-typography-text-text-transform );\">Kalipe Grundst\u00fccksservice und Vertriebs GmbH<br \/><\/span><span style=\"text-align: var(--text-align); background-color: var( --e-global-color-beb4bac ); color: var( --e-global-color-text ); font-family: var( --e-global-typography-text-font-family ), Sans-serif; font-size: var( --e-global-typography-text-font-size ); font-style: var( --e-global-typography-text-font-style ); font-weight: var( --e-global-typography-text-font-weight ); text-transform: var( --e-global-typography-text-text-transform );\">Verantwortlicher: Niklas Guttenberger<\/span><\/p><p><span style=\"text-align: var(--text-align); background-color: var( --e-global-color-beb4bac ); color: var( --e-global-color-text ); font-family: var( --e-global-typography-text-font-family ), Sans-serif; font-size: var( --e-global-typography-text-font-size ); font-style: var( --e-global-typography-text-font-style ); font-weight: var( --e-global-typography-text-font-weight ); text-transform: var( --e-global-typography-text-text-transform );\">Juristenstra\u00dfe 19<br \/><\/span><span style=\"text-align: var(--text-align); background-color: var( --e-global-color-beb4bac ); color: var( --e-global-color-text ); font-family: var( --e-global-typography-text-font-family ), Sans-serif; font-size: var( --e-global-typography-text-font-size ); font-style: var( --e-global-typography-text-font-style ); font-weight: var( --e-global-typography-text-font-weight ); text-transform: var( --e-global-typography-text-text-transform );\">06886 Lutherstadt Wittenberg<\/span><\/p><p><b style=\"color: var( --e-global-color-text ); font-family: var( --e-global-typography-text-font-family ), Sans-serif; font-size: var( --e-global-typography-text-font-size ); font-style: var( --e-global-typography-text-font-style ); text-align: var(--text-align); text-transform: var( --e-global-typography-text-text-transform );\">\u00a0<\/b><\/p><p><span style=\"color: var( --e-global-color-text ); font-family: var( --e-global-typography-text-font-family ), Sans-serif; font-size: var( --e-global-typography-text-font-size ); font-style: var( --e-global-typography-text-font-style ); text-align: var(--text-align); text-transform: var( --e-global-typography-text-text-transform );\"><b>Energieberatung und Sanierungsplanung:<br \/><\/b><\/span><span style=\"background-color: var( --e-global-color-beb4bac ); color: var( --e-global-color-text ); font-family: var( --e-global-typography-text-font-family ), Sans-serif; font-size: var( --e-global-typography-text-font-size ); font-style: var( --e-global-typography-text-font-style ); font-weight: var( --e-global-typography-text-font-weight ); text-align: var(--text-align); text-transform: var( --e-global-typography-text-text-transform );\">RevIng GmbH<br \/><\/span><span style=\"background-color: var( --e-global-color-beb4bac ); color: var( --e-global-color-text ); font-family: var( --e-global-typography-text-font-family ), Sans-serif; font-size: var( --e-global-typography-text-font-size ); font-style: var( --e-global-typography-text-font-style ); font-weight: var( --e-global-typography-text-font-weight ); text-align: var(--text-align); text-transform: var( --e-global-typography-text-text-transform );\">Verantwortlicher: Vladimir Schuralew<\/span><\/p><p><span style=\"text-align: var(--text-align); background-color: var( --e-global-color-beb4bac ); color: var( --e-global-color-text ); font-family: var( --e-global-typography-text-font-family ), Sans-serif; font-size: var( --e-global-typography-text-font-size ); font-style: var( --e-global-typography-text-font-style ); font-weight: var( --e-global-typography-text-font-weight ); text-transform: var( --e-global-typography-text-text-transform );\">Manitiusstra\u00dfe 9<br \/>01067 Dresden<\/span><\/p><p><span style=\"text-align: var(--text-align); background-color: var( --e-global-color-beb4bac ); color: var( --e-global-color-text ); font-family: var( --e-global-typography-text-font-family ), Sans-serif; font-size: var( --e-global-typography-text-font-size ); font-style: var( --e-global-typography-text-font-style ); font-weight: var( --e-global-typography-text-font-weight ); text-transform: var( --e-global-typography-text-text-transform );\">\u00a0<\/span><\/p><p><b>EU-Streitschlichtung<\/b><\/p><p>Die Europ\u00e4ische Kommission stellt eine Plattform zur Online-Streitbeilegung (OS) bereit: https:\/\/ec.europa.eu\/consumers\/odr\/.<\/p><p><span style=\"text-align: var(--text-align); background-color: var( --e-global-color-beb4bac ); color: var( --e-global-color-text ); font-family: var( --e-global-typography-text-font-family ), Sans-serif; font-size: var( --e-global-typography-text-font-size ); font-style: var( --e-global-typography-text-font-style ); font-weight: var( --e-global-typography-text-font-weight ); text-transform: var( --e-global-typography-text-text-transform );\">Unsere E-Mail-Adresse finden Sie oben im Impressum.<\/span><\/p><p>Verbraucherstreitbeilegung\/Universalschlichtungsstelle<\/p><p><span style=\"text-align: var(--text-align); background-color: var( --e-global-color-beb4bac ); color: var( --e-global-color-text ); font-family: var( --e-global-typography-text-font-family ), Sans-serif; font-size: var( --e-global-typography-text-font-size ); font-style: var( --e-global-typography-text-font-style ); font-weight: var( --e-global-typography-text-font-weight ); text-transform: var( --e-global-typography-text-text-transform );\">Wir sind nicht bereit oder verpflichtet, an Streitbeilegungsverfahren vor einer Verbraucherschlichtungsstelle teilzunehmen.<\/span><\/p>\t\t\t\t\t\t\t\t<\/div>\n\t\t\t\t<\/div>\n\t\t\t\t\t<\/div>\n\t\t\t\t<\/div>\n\t\t\t\t<\/div>\n\t\t","protected":false},"excerpt":{"rendered":"<p>Impressum Energie-Helden Cardinale, Mainka &amp; Eberle GbR Gesch\u00e4ftsf\u00fchrer:Michael CardinaleVadim Eberle Holzmarktstra\u00dfe 1010179 Berlin MItte +49 174 455 95 65go@energie-helden.net\u00a0 In Kooperation mit:Kalipe Grundst\u00fccksservice und Vertriebs GmbHVerantwortlicher: Niklas Guttenberger Juristenstra\u00dfe 1906886 Lutherstadt Wittenberg \u00a0 Energieberatung und Sanierungsplanung:RevIng GmbHVerantwortlicher: Vladimir Schuralew Manitiusstra\u00dfe 901067 Dresden \u00a0 EU-Streitschlichtung Die Europ\u00e4ische Kommission stellt eine Plattform zur Online-Streitbeilegung (OS) bereit: https:\/\/ec.europa.eu\/consumers\/odr\/. [&hellip;]<\/p>\n","protected":false},"author":1,"featured_media":0,"parent":0,"menu_order":0,"comment_status":"closed","ping_status":"closed","template":"","meta":{"inline_featured_image":false,"footnotes":""},"class_list":["post-1169","page","type-page","status-publish","hentry"],"acf":[],"yoast_head":"<!-- This site is optimized with the Yoast SEO plugin v27.0 - https:\/\/yoast.com\/product\/yoast-seo-wordpress\/ -->\n<title>Impressum - ENERGIEHELDEN<\/title>\n<meta name=\"robots\" content=\"index, follow, max-snippet:-1, max-image-preview:large, max-video-preview:-1\" \/>\n<link rel=\"canonical\" href=\"https:\/\/energie-helden.net\/de\/impressum\/\" \/>\n<meta property=\"og:locale\" content=\"de_DE\" \/>\n<meta property=\"og:type\" content=\"article\" \/>\n<meta property=\"og:title\" content=\"Impressum - ENERGIEHELDEN\" \/>\n<meta property=\"og:description\" content=\"Impressum Energie-Helden Cardinale, Mainka &amp; Eberle GbR Gesch\u00e4ftsf\u00fchrer:Michael CardinaleVadim Eberle Holzmarktstra\u00dfe 1010179 Berlin MItte +49 174 455 95 65go@energie-helden.net\u00a0 In Kooperation mit:Kalipe Grundst\u00fccksservice und Vertriebs GmbHVerantwortlicher: Niklas Guttenberger Juristenstra\u00dfe 1906886 Lutherstadt Wittenberg \u00a0 Energieberatung und Sanierungsplanung:RevIng GmbHVerantwortlicher: Vladimir Schuralew Manitiusstra\u00dfe 901067 Dresden \u00a0 EU-Streitschlichtung Die Europ\u00e4ische Kommission stellt eine Plattform zur Online-Streitbeilegung (OS) bereit: https:\/\/ec.europa.eu\/consumers\/odr\/. [&hellip;]\" \/>\n<meta property=\"og:url\" content=\"https:\/\/energie-helden.net\/de\/impressum\/\" \/>\n<meta property=\"og:site_name\" content=\"ENERGIEHELDEN\" \/>\n<meta property=\"article:modified_time\" content=\"2026-02-18T21:47:31+00:00\" \/>\n<meta name=\"twitter:card\" content=\"summary_large_image\" \/>\n<meta name=\"twitter:label1\" content=\"Gesch\u00e4tzte Lesezeit\" \/>\n\t<meta name=\"twitter:data1\" content=\"1\u00a0Minute\" \/>\n<script type=\"application\/ld+json\" class=\"yoast-schema-graph\">{\"@context\":\"https:\/\/schema.org\",\"@graph\":[{\"@type\":\"WebPage\",\"@id\":\"https:\/\/energie-helden.net\/impressum\/\",\"url\":\"https:\/\/energie-helden.net\/impressum\/\",\"name\":\"Impressum - ENERGIEHELDEN\",\"isPartOf\":{\"@id\":\"https:\/\/energie-helden.net\/#website\"},\"datePublished\":\"2023-06-18T08:44:33+00:00\",\"dateModified\":\"2026-02-18T21:47:31+00:00\",\"breadcrumb\":{\"@id\":\"https:\/\/energie-helden.net\/impressum\/#breadcrumb\"},\"inLanguage\":\"de\",\"potentialAction\":[{\"@type\":\"ReadAction\",\"target\":[\"https:\/\/energie-helden.net\/impressum\/\"]}]},{\"@type\":\"BreadcrumbList\",\"@id\":\"https:\/\/energie-helden.net\/impressum\/#breadcrumb\",\"itemListElement\":[{\"@type\":\"ListItem\",\"position\":1,\"name\":\"Startseite\",\"item\":\"https:\/\/energie-helden.net\/\"},{\"@type\":\"ListItem\",\"position\":2,\"name\":\"Impressum\"}]},{\"@type\":\"WebSite\",\"@id\":\"https:\/\/energie-helden.net\/#website\",\"url\":\"https:\/\/energie-helden.net\/\",\"name\":\"ENERGIEHELDEN\",\"description\":\"PV-Anlagen | PVT-Anlagen | Mieterstrom Modell\",\"publisher\":{\"@id\":\"https:\/\/energie-helden.net\/#organization\"},\"potentialAction\":[{\"@type\":\"SearchAction\",\"target\":{\"@type\":\"EntryPoint\",\"urlTemplate\":\"https:\/\/energie-helden.net\/?s={search_term_string}\"},\"query-input\":{\"@type\":\"PropertyValueSpecification\",\"valueRequired\":true,\"valueName\":\"search_term_string\"}}],\"inLanguage\":\"de\"},{\"@type\":\"Organization\",\"@id\":\"https:\/\/energie-helden.net\/#organization\",\"name\":\"ENERGIE-HELDEN GbR\",\"url\":\"https:\/\/energie-helden.net\/\",\"logo\":{\"@type\":\"ImageObject\",\"inLanguage\":\"de\",\"@id\":\"https:\/\/energie-helden.net\/#\/schema\/logo\/image\/\",\"url\":\"https:\/\/energie-helden.net\/wp-content\/uploads\/sites\/2\/2023\/11\/favicon_energiehelden.png\",\"contentUrl\":\"https:\/\/energie-helden.net\/wp-content\/uploads\/sites\/2\/2023\/11\/favicon_energiehelden.png\",\"width\":600,\"height\":600,\"caption\":\"ENERGIE-HELDEN GbR\"},\"image\":{\"@id\":\"https:\/\/energie-helden.net\/#\/schema\/logo\/image\/\"}}]}<\/script>\n<!-- \/ Yoast SEO plugin. -->","yoast_head_json":{"title":"Impressum - ENERGIEHELDEN","robots":{"index":"index","follow":"follow","max-snippet":"max-snippet:-1","max-image-preview":"max-image-preview:large","max-video-preview":"max-video-preview:-1"},"canonical":"https:\/\/energie-helden.net\/de\/impressum\/","og_locale":"de_DE","og_type":"article","og_title":"Impressum - ENERGIEHELDEN","og_description":"Impressum Energie-Helden Cardinale, Mainka &amp; Eberle GbR Gesch\u00e4ftsf\u00fchrer:Michael CardinaleVadim Eberle Holzmarktstra\u00dfe 1010179 Berlin MItte +49 174 455 95 65go@energie-helden.net\u00a0 In Kooperation mit:Kalipe Grundst\u00fccksservice und Vertriebs GmbHVerantwortlicher: Niklas Guttenberger Juristenstra\u00dfe 1906886 Lutherstadt Wittenberg \u00a0 Energieberatung und Sanierungsplanung:RevIng GmbHVerantwortlicher: Vladimir Schuralew Manitiusstra\u00dfe 901067 Dresden \u00a0 EU-Streitschlichtung Die Europ\u00e4ische Kommission stellt eine Plattform zur Online-Streitbeilegung (OS) bereit: https:\/\/ec.europa.eu\/consumers\/odr\/. [&hellip;]","og_url":"https:\/\/energie-helden.net\/de\/impressum\/","og_site_name":"ENERGIEHELDEN","article_modified_time":"2026-02-18T21:47:31+00:00","twitter_card":"summary_large_image","twitter_misc":{"Gesch\u00e4tzte Lesezeit":"1\u00a0Minute"},"schema":{"@context":"https:\/\/schema.org","@graph":[{"@type":"WebPage","@id":"https:\/\/energie-helden.net\/impressum\/","url":"https:\/\/energie-helden.net\/impressum\/","name":"Impressum - ENERGIEHELDEN","isPartOf":{"@id":"https:\/\/energie-helden.net\/#website"},"datePublished":"2023-06-18T08:44:33+00:00","dateModified":"2026-02-18T21:47:31+00:00","breadcrumb":{"@id":"https:\/\/energie-helden.net\/impressum\/#breadcrumb"},"inLanguage":"de","potentialAction":[{"@type":"ReadAction","target":["https:\/\/energie-helden.net\/impressum\/"]}]},{"@type":"BreadcrumbList","@id":"https:\/\/energie-helden.net\/impressum\/#breadcrumb","itemListElement":[{"@type":"ListItem","position":1,"name":"Startseite","item":"https:\/\/energie-helden.net\/"},{"@type":"ListItem","position":2,"name":"Impressum"}]},{"@type":"WebSite","@id":"https:\/\/energie-helden.net\/#website","url":"https:\/\/energie-helden.net\/","name":"ENERGIEHELDEN","description":"PV-Anlagen | PVT-Anlagen | Mieterstrom Modell","publisher":{"@id":"https:\/\/energie-helden.net\/#organization"},"potentialAction":[{"@type":"SearchAction","target":{"@type":"EntryPoint","urlTemplate":"https:\/\/energie-helden.net\/?s={search_term_string}"},"query-input":{"@type":"PropertyValueSpecification","valueRequired":true,"valueName":"search_term_string"}}],"inLanguage":"de"},{"@type":"Organization","@id":"https:\/\/energie-helden.net\/#organization","name":"ENERGIE-HELDEN GbR","url":"https:\/\/energie-helden.net\/","logo":{"@type":"ImageObject","inLanguage":"de","@id":"https:\/\/energie-helden.net\/#\/schema\/logo\/image\/","url":"https:\/\/energie-helden.net\/wp-content\/uploads\/sites\/2\/2023\/11\/favicon_energiehelden.png","contentUrl":"https:\/\/energie-helden.net\/wp-content\/uploads\/sites\/2\/2023\/11\/favicon_energiehelden.png","width":600,"height":600,"caption":"ENERGIE-HELDEN GbR"},"image":{"@id":"https:\/\/energie-helden.net\/#\/schema\/logo\/image\/"}}]}},"_links":{"self":[{"href":"https:\/\/energie-helden.net\/de\/wp-json\/wp\/v2\/pages\/1169","targetHints":{"allow":["GET"]}}],"collection":[{"href":"https:\/\/energie-helden.net\/de\/wp-json\/wp\/v2\/pages"}],"about":[{"href":"https:\/\/energie-helden.net\/de\/wp-json\/wp\/v2\/types\/page"}],"author":[{"embeddable":true,"href":"https:\/\/energie-helden.net\/de\/wp-json\/wp\/v2\/users\/1"}],"replies":[{"embeddable":true,"href":"https:\/\/energie-helden.net\/de\/wp-json\/wp\/v2\/comments?post=1169"}],"version-history":[{"count":14,"href":"https:\/\/energie-helden.net\/de\/wp-json\/wp\/v2\/pages\/1169\/revisions"}],"predecessor-version":[{"id":2161,"href":"https:\/\/energie-helden.net\/de\/wp-json\/wp\/v2\/pages\/1169\/revisions\/2161"}],"wp:attachment":[{"href":"https:\/\/energie-helden.net\/de\/wp-json\/wp\/v2\/media?parent=1169"}],"curies":[{"name":"wp","href":"https:\/\/api.w.org\/{rel}","templated":true}]}}